{"id":1991,"date":"2019-01-15T02:37:42","date_gmt":"2019-01-15T08:37:42","guid":{"rendered":"http:\/\/www.vko.cz\/VKOweb\/?page_id=1991"},"modified":"2026-02-27T11:06:16","modified_gmt":"2026-02-27T17:06:16","slug":"terminova-listina","status":"publish","type":"page","link":"https:\/\/www.vko.cz\/VKOweb\/pro-rodice\/terminova-listina\/","title":{"rendered":"Term\u00ednov\u00e1 listina"},"content":{"rendered":"<p>Zde si m\u016f\u017eete ud\u011blat p\u0159ehled kdy a jak\u00fdch z\u00e1vod\u016f se budeme z\u00fa\u010dast\u0148ovat.<\/p>\n<table border=\"1\" cellspacing=\"0\" cellpadding=\"5\">\n<thead>\n<tr>\n<th>M\u011bs\u00edc<\/th>\n<th>Od<\/th>\n<th>Do<\/th>\n<th>Akce<\/th>\n<th>M\u00edsto<\/th>\n<\/tr>\n<\/thead>\n<tbody>\n<tr>\n<td>Kv\u011bten<\/td>\n<td>16.5.<\/td>\n<td>17.5.<\/td>\n<td>z\u00e1vody<\/td>\n<td>\u00dast\u00ed nad Labem<\/td>\n<\/tr>\n<tr>\n<td><\/td>\n<td>30.5.<\/td>\n<td>31.5.<\/td>\n<td>z\u00e1vody<\/td>\n<td>Lys\u00e1 nad Labem<\/td>\n<\/tr>\n<tr>\n<td>\u010cerven<\/td>\n<td>13.6.<\/td>\n<td>14.6.<\/td>\n<td>z\u00e1vody<\/td>\n<td>Mistrovstv\u00ed Labe<\/td>\n<\/tr>\n<tr>\n<td><\/td>\n<td>27.6.<\/td>\n<td>28.6.<\/td>\n<td>z\u00e1vody M\u010cR<\/td>\n<td>Ra\u010dice<\/td>\n<\/tr>\n<tr>\n<td>Srpen<\/td>\n<td>14.8.<\/td>\n<td>23.8.<\/td>\n<td>soust\u0159ed\u011bn\u00ed<\/td>\n<td>JH<\/td>\n<\/tr>\n<tr>\n<td><\/td>\n<td>15.8.<\/td>\n<td><\/td>\n<td>z\u00e1vody<\/td>\n<td>Jind\u0159ich\u016fv Hradec<\/td>\n<\/tr>\n<tr>\n<td><\/td>\n<td>22.8.<\/td>\n<td>23.8.<\/td>\n<td>z\u00e1vody<\/td>\n<td>T\u0159ebo\u0148<\/td>\n<\/tr>\n<tr>\n<td><\/td>\n<td>29.8.<\/td>\n<td>30.8.<\/td>\n<td>z\u00e1vody<\/td>\n<td>Litom\u011b\u0159ice<\/td>\n<\/tr>\n<tr>\n<td>Z\u00e1\u0159\u00ed<\/td>\n<td>12.9.<\/td>\n<td>13.9.<\/td>\n<td>z\u00e1vody<\/td>\n<td>Brand\u00fds<\/td>\n<\/tr>\n<tr>\n<td><\/td>\n<td>27.9.<\/td>\n<td>28.9.<\/td>\n<td>M\u010cR Dru\u017estva<\/td>\n<td>Ra\u010dice<\/td>\n<\/tr>\n<tr>\n<td>\u0158\u00edjen<\/td>\n<td>24.10.<\/td>\n<td><\/td>\n<td>z\u00e1vody<\/td>\n<td>Elbe Pokal<\/td>\n<\/tr>\n<tr>\n<td>Listopad<\/td>\n<td>7.11.<\/td>\n<td><\/td>\n<td>VHTriatlon<\/td>\n<td>Louny<\/td>\n<\/tr>\n<tr>\n<td><\/td>\n<td>21.11.<\/td>\n<td>22.11.<\/td>\n<td>testov\u00e1n\u00ed LAV<\/td>\n<td>Ra\u010dice<\/td>\n<\/tr>\n<\/tbody>\n<\/table>\n","protected":false},"excerpt":{"rendered":"<p>Zde si m\u016f\u017eete ud\u011blat p\u0159ehled kdy a jak\u00fdch z\u00e1vod\u016f se budeme z\u00fa\u010dast\u0148ovat. M\u011bs\u00edc Od Do Akce M\u00edsto Kv\u011bten 16.5. 17.5. z\u00e1vody \u00dast\u00ed nad Labem 30.5. 31.5. z\u00e1vody Lys\u00e1 nad Labem \u010cerven 13.6. 14.6. z\u00e1vody Mistrovstv\u00ed<a class=\"read-more\" href=\"https:\/\/www.vko.cz\/VKOweb\/pro-rodice\/terminova-listina\/\">\u010d\u00edst d\u00e1le..<\/a><\/p>\n","protected":false},"author":12,"featured_media":0,"parent":1831,"menu_order":0,"comment_status":"closed","ping_status":"closed","template":"","meta":{"footnotes":""},"_links":{"self":[{"href":"https:\/\/www.vko.cz\/VKOweb\/wp-json\/wp\/v2\/pages\/1991"}],"collection":[{"href":"https:\/\/www.vko.cz\/VKOweb\/wp-json\/wp\/v2\/pages"}],"about":[{"href":"https:\/\/www.vko.cz\/VKOweb\/wp-json\/wp\/v2\/types\/page"}],"author":[{"embeddable":true,"href":"https:\/\/www.vko.cz\/VKOweb\/wp-json\/wp\/v2\/users\/12"}],"replies":[{"embeddable":true,"href":"https:\/\/www.vko.cz\/VKOweb\/wp-json\/wp\/v2\/comments?post=1991"}],"version-history":[{"count":13,"href":"https:\/\/www.vko.cz\/VKOweb\/wp-json\/wp\/v2\/pages\/1991\/revisions"}],"predecessor-version":[{"id":5239,"href":"https:\/\/www.vko.cz\/VKOweb\/wp-json\/wp\/v2\/pages\/1991\/revisions\/5239"}],"up":[{"embeddable":true,"href":"https:\/\/www.vko.cz\/VKOweb\/wp-json\/wp\/v2\/pages\/1831"}],"wp:attachment":[{"href":"https:\/\/www.vko.cz\/VKOweb\/wp-json\/wp\/v2\/media?parent=1991"}],"curies":[{"name":"wp","href":"https:\/\/api.w.org\/{rel}","templated":true}]}}