{"id":1611,"date":"2018-04-01T07:44:51","date_gmt":"2018-04-01T13:44:51","guid":{"rendered":"http:\/\/www.vko.cz\/VKOweb\/?page_id=1611"},"modified":"2025-11-17T03:23:17","modified_gmt":"2025-11-17T09:23:17","slug":"vht","status":"publish","type":"page","link":"https:\/\/www.vko.cz\/VKOweb\/vht\/","title":{"rendered":"VE\u0158EJN\u00dd HALOV\u00dd TRIATLON"},"content":{"rendered":"<p><img decoding=\"async\" loading=\"lazy\" class=\"aligncenter size-medium wp-image-1892\" src=\"http:\/\/www.vko.cz\/VKOweb\/wp-content\/uploads\/vht-300x124.png\" alt=\"\" width=\"300\" height=\"124\" srcset=\"https:\/\/www.vko.cz\/VKOweb\/wp-content\/uploads\/vht-300x124.png 300w, https:\/\/www.vko.cz\/VKOweb\/wp-content\/uploads\/vht-150x62.png 150w, https:\/\/www.vko.cz\/VKOweb\/wp-content\/uploads\/vht.png 321w\" sizes=\"(max-width: 300px) 100vw, 300px\" \/><strong>Po\u0159\u00e1d\u00e1:\u00a0\u00a0<\/strong>Vesla\u0159sk\u00fd klub Oh\u0159e Louny<br \/>\n<strong>M\u00edsto kon\u00e1n\u00ed:<\/strong> M\u011bstsk\u00e1 sportovn\u00ed hala Louny, Rybalkova ul., 8.11.2025<\/p>\n<p><strong>P\u0159ihl\u00e1\u0161ky:\u00a0 <\/strong>do 6.11.2025 , 24:00<br \/>\n<strong>registrovan\u00ed vesla\u0159i syst\u00e9mem<\/strong> <strong>sportis<\/strong>:<a href=\"https:\/\/veslo-frontend.sportis.cz\/cs\/site\/public\/\"> https:\/\/veslo-frontend.sportis.cz\/cs\/site\/public\/<\/a>.\u00a0 Ostatni pomoci e-mailu na vko@vko.cz<\/p>\n<p>P\u0159i vysok\u00e9m po\u010dtu startuj\u00edc\u00edch m\u016f\u017ee po\u0159adatel odm\u00edtnout p\u0159ihl\u00e1\u0161ky do\u0161l\u00e9 po tomto term\u00ednu.<\/p>\n<p><strong><br \/>\nAdresa:\u00a0 <\/strong>Vesla\u0159sk\u00fd klub Oh\u0159e, Vos\u00e1tkova 1765, 440 01 Louny,<\/p>\n<p><strong>Za\u010d\u00e1tek z\u00e1vodu: sobota 8<\/strong><strong>.11.2025 v 9.00 hod<\/strong><\/p>\n<p><strong>Discipl\u00edny:\u00a0\u00a0<\/strong><br \/>\nCyklistika \u2013 rotoped Kalpe Magnetic 2000 m (800 m)<br \/>\n\u010clunkov\u00fd b\u011bh 840 m (400 m)<br \/>\nVeslov\u00e1n\u00ed \u2013 trena\u017eer Concept II 1000 m (500 m)<\/p>\n<p><strong>P\u0159ihl\u00e1\u0161ka:\u00a0 <\/strong>\u00a0 200,-K\u010d<br \/>\n<strong>Z\u00e1vod \u010d. 11:<\/strong>\u00a0\u00a0 bez startovn\u00e9ho<\/p>\n<p>P\u0159ihl\u00e1\u0161ky do\u0161l\u00e9 po uz\u00e1v\u011brce budou nav\u00edc zpoplatn\u011bny p\u0159ir\u00e1\u017ekou ve v\u00fd\u0161i 50 % za z\u00e1vodn\u00edka.<\/p>\n<p><strong>Pozn\u00e1mky:<\/strong><\/p>\n<p>1. Z\u00e1vod\u00ed se soub\u011b\u017en\u011b v maxim\u00e1ln\u011b 16 ti drah\u00e1ch. Rozlo\u017een\u00ed stroj\u016f a drah je zn\u00e1zorn\u011bno na p\u0159ilo\u017een\u00e9m obr\u00e1zku.<br \/>\n2. U z\u00e1vodn\u00edk\u016f star\u0161\u00edch 30 let mus\u00ed b\u00fdt v p\u0159ihl\u00e1\u0161ce uvedeno, zda hodlaj\u00ed startovat v hlavn\u00ed nebo veter\u00e1nsk\u00e9 kategorii.<br \/>\n3. Kategorie 1-8 z\u00e1vod\u00ed na polovi\u010dn\u00ed vzd\u00e1lenosti. D\u00e9lky trat\u00ed jsou uvedeny v z\u00e1vorce.<\/p>\n<p>&nbsp;<\/p>\n<p>4. Z\u00e1vod 11 prob\u011bhne na trat\u00edch odpov\u00eddaj\u00edc\u00edch v\u011bku a v\u00fdkonnosti p\u0159ihl\u00e1\u0161en\u00fdch \u00fa\u010dastn\u00edk\u016f.<br \/>\n5. Vyhl\u00e1\u0161en\u00ed v\u00edt\u011bz\u016f jednotliv\u00fdch kategori\u00ed bude prob\u00edhat po ka\u017ed\u00e9m z\u00e1vod\u011b.<br \/>\n6. V z\u00e1vodech dorostenek (\u010d. 9) a dorostenc\u016f (\u010d. 10 Memori\u00e1l Zde\u0148ka Hel\u0161use o putovn\u00ed cenu) se hodnot\u00ed v\u017edy nejlep\u0161\u00edch 20 z\u00e1vodn\u00edk\u016f do sout\u011b\u017ee klubov\u00fdch t\u00fdm\u016f.\u00a0 Syst\u00e9m bodov\u00e1n\u00ed 20, 19, \u2026. 2, 1.<\/p>\n<p><img decoding=\"async\" loading=\"lazy\" class=\"aligncenter size-full wp-image-1921\" src=\"http:\/\/www.vko.cz\/VKOweb\/wp-content\/uploads\/planek.png\" alt=\"\" width=\"897\" height=\"580\" \/><\/p>\n<p>&nbsp;<\/p>\n<p style=\"text-align: center;\"><img decoding=\"async\" loading=\"lazy\" class=\"size-medium wp-image-4012 alignleft\" src=\"http:\/\/www.vko.cz\/VKOweb\/wp-content\/uploads\/veslo-300x120.png\" alt=\"\" width=\"300\" height=\"120\" srcset=\"https:\/\/www.vko.cz\/VKOweb\/wp-content\/uploads\/veslo-300x120.png 300w, https:\/\/www.vko.cz\/VKOweb\/wp-content\/uploads\/veslo-150x60.png 150w, https:\/\/www.vko.cz\/VKOweb\/wp-content\/uploads\/veslo-320x128.png 320w, https:\/\/www.vko.cz\/VKOweb\/wp-content\/uploads\/veslo-480x192.png 480w, https:\/\/www.vko.cz\/VKOweb\/wp-content\/uploads\/veslo.png 510w\" sizes=\"(max-width: 300px) 100vw, 300px\" \/><img decoding=\"async\" loading=\"lazy\" class=\"size-full wp-image-4011 alignleft\" src=\"http:\/\/www.vko.cz\/VKOweb\/wp-content\/uploads\/louny-e1668168236642.png\" alt=\"\" width=\"100\" height=\"134\" \/><img decoding=\"async\" loading=\"lazy\" class=\"wp-image-4766 alignleft\" src=\"http:\/\/www.vko.cz\/VKOweb\/wp-content\/uploads\/Nadace_CEZ_Barva_pozitiv_RGB-300x195.png\" alt=\"\" width=\"201\" height=\"131\" srcset=\"https:\/\/www.vko.cz\/VKOweb\/wp-content\/uploads\/Nadace_CEZ_Barva_pozitiv_RGB-300x195.png 300w, https:\/\/www.vko.cz\/VKOweb\/wp-content\/uploads\/Nadace_CEZ_Barva_pozitiv_RGB-1024x667.png 1024w, https:\/\/www.vko.cz\/VKOweb\/wp-content\/uploads\/Nadace_CEZ_Barva_pozitiv_RGB-150x98.png 150w, https:\/\/www.vko.cz\/VKOweb\/wp-content\/uploads\/Nadace_CEZ_Barva_pozitiv_RGB-768x500.png 768w, https:\/\/www.vko.cz\/VKOweb\/wp-content\/uploads\/Nadace_CEZ_Barva_pozitiv_RGB-1536x1000.png 1536w, https:\/\/www.vko.cz\/VKOweb\/wp-content\/uploads\/Nadace_CEZ_Barva_pozitiv_RGB-2048x1333.png 2048w, https:\/\/www.vko.cz\/VKOweb\/wp-content\/uploads\/Nadace_CEZ_Barva_pozitiv_RGB-520x339.png 520w, https:\/\/www.vko.cz\/VKOweb\/wp-content\/uploads\/Nadace_CEZ_Barva_pozitiv_RGB-740x482.png 740w\" sizes=\"(max-width: 201px) 100vw, 201px\" \/><img decoding=\"async\" loading=\"lazy\" class=\"size-full wp-image-4034 alignleft\" src=\"http:\/\/www.vko.cz\/VKOweb\/wp-content\/uploads\/logo.png\" alt=\"\" width=\"225\" height=\"82\" srcset=\"https:\/\/www.vko.cz\/VKOweb\/wp-content\/uploads\/logo.png 225w, https:\/\/www.vko.cz\/VKOweb\/wp-content\/uploads\/logo-150x55.png 150w\" sizes=\"(max-width: 225px) 100vw, 225px\" \/><\/p>\n<p style=\"text-align: left;\"><img decoding=\"async\" loading=\"lazy\" class=\"size-medium wp-image-4425 alignleft\" src=\"http:\/\/www.vko.cz\/VKOweb\/wp-content\/uploads\/T-Mobile_New_Logo_Primary_RGB_M-on-W-300x134.jpg\" alt=\"\" width=\"300\" height=\"134\" srcset=\"https:\/\/www.vko.cz\/VKOweb\/wp-content\/uploads\/T-Mobile_New_Logo_Primary_RGB_M-on-W-300x134.jpg 300w, https:\/\/www.vko.cz\/VKOweb\/wp-content\/uploads\/T-Mobile_New_Logo_Primary_RGB_M-on-W-1024x458.jpg 1024w, https:\/\/www.vko.cz\/VKOweb\/wp-content\/uploads\/T-Mobile_New_Logo_Primary_RGB_M-on-W-150x67.jpg 150w, https:\/\/www.vko.cz\/VKOweb\/wp-content\/uploads\/T-Mobile_New_Logo_Primary_RGB_M-on-W-768x343.jpg 768w, https:\/\/www.vko.cz\/VKOweb\/wp-content\/uploads\/T-Mobile_New_Logo_Primary_RGB_M-on-W-1536x686.jpg 1536w, https:\/\/www.vko.cz\/VKOweb\/wp-content\/uploads\/T-Mobile_New_Logo_Primary_RGB_M-on-W-2048x915.jpg 2048w, https:\/\/www.vko.cz\/VKOweb\/wp-content\/uploads\/T-Mobile_New_Logo_Primary_RGB_M-on-W-520x232.jpg 520w, https:\/\/www.vko.cz\/VKOweb\/wp-content\/uploads\/T-Mobile_New_Logo_Primary_RGB_M-on-W-740x331.jpg 740w\" sizes=\"(max-width: 300px) 100vw, 300px\" \/><\/p>\n<p style=\"text-align: left;\"><img decoding=\"async\" loading=\"lazy\" class=\"wp-image-4669\" src=\"http:\/\/www.vko.cz\/VKOweb\/wp-content\/uploads\/energie-holding-1.png\" alt=\"\" width=\"191\" height=\"143\" srcset=\"https:\/\/www.vko.cz\/VKOweb\/wp-content\/uploads\/energie-holding-1.png 220w, https:\/\/www.vko.cz\/VKOweb\/wp-content\/uploads\/energie-holding-1-150x113.png 150w\" sizes=\"(max-width: 191px) 100vw, 191px\" \/><img decoding=\"async\" loading=\"lazy\" class=\"wp-image-4427\" src=\"http:\/\/www.vko.cz\/VKOweb\/wp-content\/uploads\/seven_energy-300x300.png\" alt=\"\" width=\"187\" height=\"187\" srcset=\"https:\/\/www.vko.cz\/VKOweb\/wp-content\/uploads\/seven_energy-300x300.png 300w, https:\/\/www.vko.cz\/VKOweb\/wp-content\/uploads\/seven_energy-150x150.png 150w, https:\/\/www.vko.cz\/VKOweb\/wp-content\/uploads\/seven_energy.png 484w\" sizes=\"(max-width: 187px) 100vw, 187px\" \/><img decoding=\"async\" loading=\"lazy\" class=\"size-medium wp-image-4549\" style=\"text-align: center;\" src=\"http:\/\/www.vko.cz\/VKOweb\/wp-content\/uploads\/UK_LOGO_RGB-300x49.png\" alt=\"\" width=\"300\" height=\"49\" srcset=\"https:\/\/www.vko.cz\/VKOweb\/wp-content\/uploads\/UK_LOGO_RGB-300x49.png 300w, https:\/\/www.vko.cz\/VKOweb\/wp-content\/uploads\/UK_LOGO_RGB-1024x168.png 1024w, https:\/\/www.vko.cz\/VKOweb\/wp-content\/uploads\/UK_LOGO_RGB-150x25.png 150w, https:\/\/www.vko.cz\/VKOweb\/wp-content\/uploads\/UK_LOGO_RGB-768x126.png 768w, https:\/\/www.vko.cz\/VKOweb\/wp-content\/uploads\/UK_LOGO_RGB-520x85.png 520w, https:\/\/www.vko.cz\/VKOweb\/wp-content\/uploads\/UK_LOGO_RGB-740x121.png 740w, https:\/\/www.vko.cz\/VKOweb\/wp-content\/uploads\/UK_LOGO_RGB.png 1465w\" sizes=\"(max-width: 300px) 100vw, 300px\" \/><img decoding=\"async\" loading=\"lazy\" class=\"wp-image-4036\" src=\"http:\/\/www.vko.cz\/VKOweb\/wp-content\/uploads\/2560px-Logo_CESNET.svg_-300x164.png\" alt=\"\" width=\"276\" height=\"151\" srcset=\"https:\/\/www.vko.cz\/VKOweb\/wp-content\/uploads\/2560px-Logo_CESNET.svg_-300x164.png 300w, https:\/\/www.vko.cz\/VKOweb\/wp-content\/uploads\/2560px-Logo_CESNET.svg_-1024x561.png 1024w, https:\/\/www.vko.cz\/VKOweb\/wp-content\/uploads\/2560px-Logo_CESNET.svg_-150x82.png 150w, https:\/\/www.vko.cz\/VKOweb\/wp-content\/uploads\/2560px-Logo_CESNET.svg_-768x421.png 768w, https:\/\/www.vko.cz\/VKOweb\/wp-content\/uploads\/2560px-Logo_CESNET.svg_-1536x842.png 1536w, https:\/\/www.vko.cz\/VKOweb\/wp-content\/uploads\/2560px-Logo_CESNET.svg_-2048x1122.png 2048w, https:\/\/www.vko.cz\/VKOweb\/wp-content\/uploads\/2560px-Logo_CESNET.svg_-320x175.png 320w, https:\/\/www.vko.cz\/VKOweb\/wp-content\/uploads\/2560px-Logo_CESNET.svg_-480x263.png 480w, https:\/\/www.vko.cz\/VKOweb\/wp-content\/uploads\/2560px-Logo_CESNET.svg_-800x438.png 800w, https:\/\/www.vko.cz\/VKOweb\/wp-content\/uploads\/2560px-Logo_CESNET.svg_-520x285.png 520w, https:\/\/www.vko.cz\/VKOweb\/wp-content\/uploads\/2560px-Logo_CESNET.svg_-740x406.png 740w\" sizes=\"(max-width: 276px) 100vw, 276px\" \/><\/p>\n","protected":false},"excerpt":{"rendered":"<p>Po\u0159\u00e1d\u00e1:\u00a0\u00a0Vesla\u0159sk\u00fd klub Oh\u0159e Louny M\u00edsto kon\u00e1n\u00ed: M\u011bstsk\u00e1 sportovn\u00ed hala Louny, Rybalkova ul., 8.11.2025 P\u0159ihl\u00e1\u0161ky:\u00a0 do 6.11.2025 , 24:00 registrovan\u00ed vesla\u0159i syst\u00e9mem sportis: https:\/\/veslo-frontend.sportis.cz\/cs\/site\/public\/.\u00a0 Ostatni pomoci e-mailu na vko@vko.cz P\u0159i vysok\u00e9m po\u010dtu startuj\u00edc\u00edch m\u016f\u017ee po\u0159adatel odm\u00edtnout<a class=\"read-more\" href=\"https:\/\/www.vko.cz\/VKOweb\/vht\/\">\u010d\u00edst d\u00e1le..<\/a><\/p>\n","protected":false},"author":12,"featured_media":0,"parent":0,"menu_order":0,"comment_status":"open","ping_status":"closed","template":"","meta":{"footnotes":""},"_links":{"self":[{"href":"https:\/\/www.vko.cz\/VKOweb\/wp-json\/wp\/v2\/pages\/1611"}],"collection":[{"href":"https:\/\/www.vko.cz\/VKOweb\/wp-json\/wp\/v2\/pages"}],"about":[{"href":"https:\/\/www.vko.cz\/VKOweb\/wp-json\/wp\/v2\/types\/page"}],"author":[{"embeddable":true,"href":"https:\/\/www.vko.cz\/VKOweb\/wp-json\/wp\/v2\/users\/12"}],"replies":[{"embeddable":true,"href":"https:\/\/www.vko.cz\/VKOweb\/wp-json\/wp\/v2\/comments?post=1611"}],"version-history":[{"count":115,"href":"https:\/\/www.vko.cz\/VKOweb\/wp-json\/wp\/v2\/pages\/1611\/revisions"}],"predecessor-version":[{"id":5130,"href":"https:\/\/www.vko.cz\/VKOweb\/wp-json\/wp\/v2\/pages\/1611\/revisions\/5130"}],"wp:attachment":[{"href":"https:\/\/www.vko.cz\/VKOweb\/wp-json\/wp\/v2\/media?parent=1611"}],"curies":[{"name":"wp","href":"https:\/\/api.w.org\/{rel}","templated":true}]}}