{"id":3211,"date":"2021-07-10T10:42:32","date_gmt":"2021-07-10T16:42:32","guid":{"rendered":"http:\/\/www.vko.cz\/VKOweb\/?page_id=3211"},"modified":"2021-08-03T05:50:13","modified_gmt":"2021-08-03T11:50:13","slug":"t-mobile-draci-lode","status":"publish","type":"page","link":"http:\/\/www.vko.cz\/VKOweb\/t-mobile-draci-lode\/","title":{"rendered":""},"content":{"rendered":"<p><!--vcv no format--><\/p>\n<div class=\"vce-row-container\" data-vce-boxed-width=\"true\">\n<div class=\"vce-row vce-row--col-gap-30 vce-row-equal-height vce-row-content--top\" id=\"el-d7dda7ec\" data-vce-do-apply=\"all el-d7dda7ec\">\n<div class=\"vce-row-content\" data-vce-element-content=\"true\">\n<div class=\"vce-col vce-col--md-auto vce-col--xs-1 vce-col--xs-last vce-col--xs-first vce-col--sm-last vce-col--sm-first vce-col--md-last vce-col--lg-last vce-col--xl-last vce-col--md-first vce-col--lg-first vce-col--xl-first\" id=\"el-05079cb9\">\n<div class=\"vce-col-inner\" data-vce-do-apply=\"border margin background  el-05079cb9\">\n<div class=\"vce-col-content\" data-vce-element-content=\"true\" data-vce-do-apply=\"padding el-05079cb9\">\n<div class=\"vce-text-block\">\n<div class=\"vce-text-block-wrapper vce\" id=\"el-b888fc72\" data-vce-do-apply=\"all el-b888fc72\">\n<h4><b>M\u00edsto: Louny, \u0159eka Oh\u0159e, mezi koupali\u0161t\u011bm a mostem Vesla\u0159\u016f<br \/><\/b><b>Datum: 7. srpna 2021<br \/><\/b><b>Po\u0159adatel: Vesla\u0159sk\u00fd klub Oh\u0159e Louny<\/b><\/h4>\n<\/div>\n<\/div>\n<div class=\"vce-text-block\">\n<div class=\"vce-text-block-wrapper vce\" id=\"el-2dc1204c\" data-vce-do-apply=\"all el-2dc1204c\">\n<p>&nbsp;<\/p>\n<p><span style=\"font-weight: 400;\"><strong>T-MOBILE DRA\u010c\u00cd LOD\u011a 2021<\/strong> je z\u00e1vod sm\u00ed\u0161en\u00fdch pos\u00e1dek. Maxim\u00e1ln\u00ed po\u010det p\u00e1dluj\u00edc\u00edch \u010dlen\u016f pos\u00e1dky je sn\u00ed\u017een na 16. V ka\u017ed\u00e9 pos\u00e1dce mus\u00ed startovat povinn\u011b minim\u00e1ln\u011b 4 \u017eeny. <\/span><span style=\"font-weight: 400;\">Uz\u00e1v\u011brka p\u0159ihl\u00e1\u0161ek 31.7.2021. Dodate\u010dn\u00e9 p\u0159ihl\u00e1\u0161ky mohou b\u00fdt p\u0159ij\u00edm\u00e1ny pouze do napln\u011bn\u00ed&nbsp; maxim\u00e1ln\u00edho po\u010dtu pos\u00e1dek.&nbsp;<\/span><span style=\"font-weight: 400;\">Startovn\u00e9 \u010din\u00ed <\/span><strong>3 000,- K\u010d <\/strong><span style=\"font-weight: 400;\">za pos\u00e1dku a zahrnuje i jednu tr\u00e9ninkovou j\u00edzdu v den kon\u00e1n\u00ed z\u00e1vodu v&nbsp; Lounech. Startovn\u00e9 je nutn\u00e9 uhradit bankovn\u00edm p\u0159evodem na \u00fa\u010det po\u0159adatele, \u010d. \u00fa\u010dtu&nbsp; <\/span><strong>11631481\/0100<\/strong><span style=\"font-weight: 400;\">, variabiln\u00ed symbol <\/span><strong>20210807<\/strong><span style=\"font-weight: 400;\">. Do pozn\u00e1mky uve\u010fte n\u00e1zev pos\u00e1dky.<\/span><\/p>\n<p><span style=\"font-weight: 400;\">Tr\u00e9ninkov\u00e9 j\u00edzdy na Oh\u0159i budou v sobotu 7.8.2021 v dob\u011b od 8:30 do 12:00.&nbsp; <\/span><span style=\"font-weight: 400;\">Z\u00e1vody za\u010d\u00ednaj\u00ed v sobotu 7.8.2021 ve 12.30 hodin. <\/span><span style=\"font-weight: 400;\">Ka\u017ed\u00e1 pos\u00e1dka startuje ve dvou rozj\u00ed\u017e\u010fk\u00e1ch ve fin\u00e1le, do n\u011bho\u017e je nasazena podle nejlep\u0161\u00edho&nbsp; dosa\u017een\u00e9ho \u010dasu z rozj\u00ed\u017e\u010fky.&nbsp; <\/span><span style=\"font-weight: 400;\">Dr\u00e1ha 240 metr\u016f pro 3 lod\u011b na Oh\u0159i v Lounech, s c\u00edlem p\u0159ed mostem Vesla\u0159\u016f. <\/span><span style=\"font-weight: 400;\">Ofici\u00e1ln\u00ed tr\u00e9ninkov\u00e9 j\u00edzdy prob\u011bhnou v sobotu 7.8.2021 od 8.30 hodin.&nbsp;<\/span><\/p>\n<p><strong>P\u0159ihl\u00e1\u0161ku a po\u017eadavek na tr\u00e9ningov\u00e9 j\u00edzdy 7.8.2021 pos\u00edlejte na email: vko@vko.cz <\/strong><strong>Z\u00e1vod je sou\u010d\u00e1st\u00ed Letn\u00edho lounsk\u00e9ho v\u00e1ben\u00ed 2021&nbsp;<\/strong><\/p>\n<\/div>\n<\/div>\n<div class=\"vce vce-separator-with-title-container vce-separator-with-title--align-center\" id=\"el-53a5641d\" data-vce-do-apply=\"margin el-53a5641d\">\n<div class=\"vce-separator-with-title vce-separator-with-title--color-bfc0c1 vce-separator-with-title--width-60\" data-vce-do-apply=\"border padding background  el-53a5641d\">\n<div class=\"vce-separator-with-title--line vce-separator-with-title--line--style-solid vce-separator-with-title-line--thickness-1 vce-separator-with-title--line-left\"><\/div>\n<h3 class=\"vce-separator-with-title--title vce-separator-with-title--title--color-b-29-100-197\">Info<\/h3>\n<div class=\"vce-separator-with-title--line vce-separator-with-title--line--style-solid vce-separator-with-title-line--thickness-1 vce-separator-with-title--line-right\"><\/div>\n<\/div>\n<\/div>\n<\/div>\n<\/div>\n<\/div>\n<\/div>\n<\/div>\n<\/div>\n<div class=\"vce-row-container\" data-vce-boxed-width=\"true\">\n<div class=\"vce-row vce-row--col-gap-30 vce-row-equal-height vce-row-content--top\" id=\"el-71f43a79\" data-vce-do-apply=\"all el-71f43a79\">\n<div class=\"vce-row-content\" data-vce-element-content=\"true\">\n<div class=\"vce-col vce-col--md-auto vce-col--xs-1 vce-col--xs-last vce-col--xs-first vce-col--sm-last vce-col--sm-first vce-col--md-last vce-col--lg-last vce-col--xl-last vce-col--md-first vce-col--lg-first vce-col--xl-first\" id=\"el-69f8378a\">\n<div class=\"vce-col-inner\" data-vce-do-apply=\"border margin background  el-69f8378a\">\n<div class=\"vce-col-content\" data-vce-element-content=\"true\" data-vce-do-apply=\"padding el-69f8378a\">\n<div class=\"vce-text-block\">\n<div class=\"vce-text-block-wrapper vce\" id=\"el-7b365183\" data-vce-do-apply=\"all el-7b365183\">\n<blockquote class=\"wp-embedded-content\" data-secret=\"fqPTGfbFJ0\"><p><a href=\"https:\/\/www.vko.cz\/VKOweb\/dr2021\/\">T-MOBILE DRA\u010c\u00cd LOD\u011a &#8211; startovn\u00ed listina<\/a><\/p><\/blockquote>\n<p><iframe class=\"wp-embedded-content\" sandbox=\"allow-scripts\" security=\"restricted\" style=\"position: absolute; clip: rect(1px, 1px, 1px, 1px);\" title=\"&#8222;T-MOBILE DRA\u010c\u00cd LOD\u011a &#8211; startovn\u00ed listina&#8220; &#8212; Vesla\u0159sk\u00fd Klub Oh\u0159e Louny\" src=\"https:\/\/www.vko.cz\/VKOweb\/dr2021\/embed\/#?secret=Y1lICDoLBT#?secret=fqPTGfbFJ0\" data-secret=\"fqPTGfbFJ0\" width=\"600\" height=\"338\" frameborder=\"0\" marginwidth=\"0\" marginheight=\"0\" scrolling=\"no\"><\/iframe><\/p>\n<\/div>\n<\/div>\n<div class=\"vce-simple-image-slider\">\n<div class=\"vce-simple-image-slider-wrapper vce vce-simple-image-slider-shape--rounded\" id=\"el-fa7860f9\" data-vce-do-apply=\"all el-fa7860f9\">\n<div class=\"vce-simple-image-slider-helper vce-simple-image-slider-aspect-ratio--16-9\">\n<div class=\"vce-simple-image-slider-list\" data-slick-autoplay=\"off\" data-slick-autoplay-delay=\"5000\" data-slick-effect=\"slideIn\" data-slick-dots=\"off\" data-slick-arrows=\"off\">\n<div class=\"slick-list\">\n<div class=\"slick-track\">\n<div class=\"vce-simple-image-slider-item vc-slick-item\"><a href=\"http:\/\/www.lounskevabeni.cz\/\" title=\"\" target=\"_blank\" style=\"background-image:url(|!|vcvUploadUrl|!|\/LLV2021.jpg)\" class=\"vce-simple-image-slider-img vce-simple-image-slider-img--background-position-center-center\" rel=\"noopener\"><img decoding=\"async\" class=\"\" src=\"|!|vcvUploadUrl|!|\/LLV2021.jpg\" style=\"display:none\" alt=\"\"><\/a><\/div>\n<\/div>\n<\/div>\n<\/div>\n<div class=\"vce-simple-image-slider-dots vce-simple-image-slider-dots-color--fff vce-simple-image-slider-dots-color-hover--fd9a00\"><\/div>\n<\/div>\n<\/div>\n<\/div>\n<\/div>\n<\/div>\n<\/div>\n<\/div>\n<\/div>\n<\/div>\n<p><!--vcv no format--><\/p>\n","protected":false},"excerpt":{"rendered":"<p>M\u00edsto: Louny, \u0159eka Oh\u0159e, mezi koupali\u0161t\u011bm a mostem Vesla\u0159\u016fDatum: 7. srpna 2021Po\u0159adatel: Vesla\u0159sk\u00fd klub Oh\u0159e Louny &nbsp; T-MOBILE DRA\u010c\u00cd LOD\u011a 2021 je z\u00e1vod sm\u00ed\u0161en\u00fdch pos\u00e1dek. Maxim\u00e1ln\u00ed po\u010det p\u00e1dluj\u00edc\u00edch \u010dlen\u016f pos\u00e1dky je sn\u00ed\u017een na 16. V<a class=\"read-more\" href=\"http:\/\/www.vko.cz\/VKOweb\/t-mobile-draci-lode\/\">\u010d\u00edst d\u00e1le..<\/a><\/p>\n","protected":false},"author":12,"featured_media":3218,"parent":0,"menu_order":0,"comment_status":"closed","ping_status":"closed","template":"","meta":{"footnotes":""},"_links":{"self":[{"href":"http:\/\/www.vko.cz\/VKOweb\/wp-json\/wp\/v2\/pages\/3211"}],"collection":[{"href":"http:\/\/www.vko.cz\/VKOweb\/wp-json\/wp\/v2\/pages"}],"about":[{"href":"http:\/\/www.vko.cz\/VKOweb\/wp-json\/wp\/v2\/types\/page"}],"author":[{"embeddable":true,"href":"http:\/\/www.vko.cz\/VKOweb\/wp-json\/wp\/v2\/users\/12"}],"replies":[{"embeddable":true,"href":"http:\/\/www.vko.cz\/VKOweb\/wp-json\/wp\/v2\/comments?post=3211"}],"version-history":[{"count":19,"href":"http:\/\/www.vko.cz\/VKOweb\/wp-json\/wp\/v2\/pages\/3211\/revisions"}],"predecessor-version":[{"id":3253,"href":"http:\/\/www.vko.cz\/VKOweb\/wp-json\/wp\/v2\/pages\/3211\/revisions\/3253"}],"wp:featuredmedia":[{"embeddable":true,"href":"http:\/\/www.vko.cz\/VKOweb\/wp-json\/wp\/v2\/media\/3218"}],"wp:attachment":[{"href":"http:\/\/www.vko.cz\/VKOweb\/wp-json\/wp\/v2\/media?parent=3211"}],"curies":[{"name":"wp","href":"https:\/\/api.w.org\/{rel}","templated":true}]}}