{"id":2011,"date":"2019-01-17T08:27:02","date_gmt":"2019-01-17T14:27:02","guid":{"rendered":"http:\/\/www.vko.cz\/VKOweb\/?page_id=2011"},"modified":"2026-03-02T15:27:54","modified_gmt":"2026-03-02T21:27:54","slug":"prispevky","status":"publish","type":"page","link":"http:\/\/www.vko.cz\/VKOweb\/pro-rodice\/prispevky\/","title":{"rendered":"P\u0159\u00edsp\u011bvky"},"content":{"rendered":"<h2 style=\"text-align: left; padding-left: 40px;\">\u010clensk\u00e9 p\u0159\u00edsp\u011bvky<\/h2>\n<p>P\u0159\u00edsp\u011bvky se li\u0161\u00ed dle st\u00e1\u0159\u00ed vesla\u0159e:<\/p>\n<ul>\n<li>6000 K\u010d\/rok pro d\u011bti a ml\u00e1de\u017e do 18 let a studuj\u00edc\u00ed do 26 let<\/li>\n<li>8000 K\u010d\/rok pro ostatn\u00ed \u010dleny<\/li>\n<li>2000 K\u010d\/rok pro seniory nad 65 let<\/li>\n<\/ul>\n<h2>Kam poslat platbu<\/h2>\n<ul>\n<li>Platby\u00a0pros\u00edm pla\u0165te na \u00fa\u010det klubu <strong>11631481\/0100<\/strong><\/li>\n<li><strong>Do pozn\u00e1mky<\/strong>\u00a0p\u0159ipi\u0161te\u00a0<strong>jm\u00e9no a p\u0159\u00edjmen\u00ed d\u00edt\u011bte\/\u010dlena<\/strong>\u00a0&#8211; usnadn\u00edte n\u00e1m v\u00fdrazn\u011b p\u00e1rov\u00e1n\u00ed plateb!<\/li>\n<li>Splatnost k 31.3.<\/li>\n<\/ul>\n<style type=\"text\/css\" scoped>.rbs_gallery_69f41edf2bea5Spinner{\r\n\t\t\t\tmargin: 50px auto;\r\n\t\t\t\twidth: 50px;\r\n\t\t\t\theight: 40px;\r\n\t\t\t\ttext-align: center;\r\n\t\t\t\tfont-size: 10px;\r\n\t\t\t}\r\n\t\t\t.rbs_gallery_69f41edf2bea5Spinner > div{\r\n\t\t\t  background-color: #333;\r\n\t\t\t  height: 100%;\r\n\t\t\t  width: 6px;\r\n\t\t\t  display: inline-block;\r\n\t\t\t  -webkit-animation: rbs_gallery_69f41edf2bea5-stretchdelay 1.2s infinite ease-in-out;\r\n\t\t\t  animation: rbs_gallery_69f41edf2bea5-stretchdelay 1.2s infinite ease-in-out;\r\n\t\t\t}\r\n\t\t\t.rbs_gallery_69f41edf2bea5Spinner .rbs_gallery_69f41edf2bea5Rect2 {\r\n\t\t\t  -webkit-animation-delay: -1.1s;\r\n\t\t\t  animation-delay: -1.1s;\r\n\t\t\t}\r\n\t\t\t.rbs_gallery_69f41edf2bea5Spinner .rbs_gallery_69f41edf2bea5Rect3 {\r\n\t\t\t  -webkit-animation-delay: -1.0s;\r\n\t\t\t  animation-delay: -1.0s;\r\n\t\t\t}\r\n\t\t\t.rbs_gallery_69f41edf2bea5Spinner .rbs_gallery_69f41edf2bea5Rect4 {\r\n\t\t\t  -webkit-animation-delay: -0.9s;\r\n\t\t\t  animation-delay: -0.9s;\r\n\t\t\t}\r\n\t\t\t.rbs_gallery_69f41edf2bea5Spinner .rbs_gallery_69f41edf2bea5Rect5 {\r\n\t\t\t  -webkit-animation-delay: -0.8s;\r\n\t\t\t  animation-delay: -0.8s;\r\n\t\t\t}\r\n\t\t\t@-webkit-keyframes rbs_gallery_69f41edf2bea5-stretchdelay {\r\n\t\t\t  0%, 40%, 100% { -webkit-transform: scaleY(0.4) }  \r\n\t\t\t  20% { -webkit-transform: scaleY(1.0) }\r\n\t\t\t}\r\n\t\t\t@keyframes rbs_gallery_69f41edf2bea5-stretchdelay {\r\n\t\t\t  0%, 40%, 100% { \r\n\t\t\t    transform: scaleY(0.4);\r\n\t\t\t    -webkit-transform: scaleY(0.4);\r\n\t\t\t  }  20% { \r\n\t\t\t    transform: scaleY(1.0);\r\n\t\t\t    -webkit-transform: scaleY(1.0);\r\n\t\t\t  }\r\n\t\t\t}\r\n\t\t<\/style><div class=\"robo-gallery-wrap robo-gallery-wrap-id5243 robo-gallery-grid\" ><div id=\"rbs_gallery_69f41edf2bea5-block-loader\" class=\"rbs_gallery_69f41edf2bea5Spinner\"><div class=\"rbs_gallery_69f41edf2bea5Rect1\"><\/div> <div class=\"rbs_gallery_69f41edf2bea5Rect2\"><\/div> <div class=\"rbs_gallery_69f41edf2bea5Rect3\"><\/div> <div class=\"rbs_gallery_69f41edf2bea5Rect4\"><\/div> <div class=\"rbs_gallery_69f41edf2bea5Rect5\"><\/div><\/div><div id=\"robo_gallery_main_block_rbs_gallery_69f41edf2bea5\" class=\"robogallery-gallery-5243\" style=\"width:100%;  display: none;\"><div id=\"rbs_gallery_69f41edf2bea5\" data-options=\"rbs_gallery_69f41edf2bea5\" style=\"width:100%;\" class=\"robo_gallery  \"><div class=\"rbs-img  category5243 \" ><div class=\"rbs-img-image   rbs-lightbox \" ><div class=\"rbs-img-thumbs\"  data-thumbnail=\"http:\/\/www.vko.cz\/VKOweb\/wp-content\/uploads\/qr6000-300x300.png\"  title=\"qr6000\"  data-width=\"300\"  data-height=\"300\" ><\/div><div class=\"rbs-img-data-popup\"  data-popup=\"http:\/\/www.vko.cz\/VKOweb\/wp-content\/uploads\/qr6000.png\"  title=\"qr6000\" ><\/div><div class=\"thumbnail-overlay\"><div class=\"rbsTitle \">qr6000<\/div><div class=\"rbsIcons\"><i class=\"fa fa-search-plus rbsZoomIcon \" ><\/i><\/div><\/div><\/div><\/div><div class=\"rbs-img  category5243 \" ><div class=\"rbs-img-image   rbs-lightbox \" ><div class=\"rbs-img-thumbs\"  data-thumbnail=\"http:\/\/www.vko.cz\/VKOweb\/wp-content\/uploads\/qr8000-300x300.png\"  title=\"qr8000\"  data-width=\"300\"  data-height=\"300\" ><\/div><div class=\"rbs-img-data-popup\"  data-popup=\"http:\/\/www.vko.cz\/VKOweb\/wp-content\/uploads\/qr8000.png\"  title=\"qr8000\" ><\/div><div class=\"thumbnail-overlay\"><div class=\"rbsTitle \">qr8000<\/div><div class=\"rbsIcons\"><i class=\"fa fa-search-plus rbsZoomIcon \" ><\/i><\/div><\/div><\/div><\/div><div class=\"rbs-img  category5243 \" ><div class=\"rbs-img-image   rbs-lightbox \" ><div class=\"rbs-img-thumbs\"  data-thumbnail=\"http:\/\/www.vko.cz\/VKOweb\/wp-content\/uploads\/qr2000-300x300.png\"  title=\"qr2000\"  data-width=\"300\"  data-height=\"300\" ><\/div><div class=\"rbs-img-data-popup\"  data-popup=\"http:\/\/www.vko.cz\/VKOweb\/wp-content\/uploads\/qr2000.png\"  title=\"qr2000\" ><\/div><div class=\"thumbnail-overlay\"><div class=\"rbsTitle \">qr2000<\/div><div class=\"rbsIcons\"><i class=\"fa fa-search-plus rbsZoomIcon \" ><\/i><\/div><\/div><\/div><\/div><\/div><\/div><\/div><script>var rbs_gallery_69f41edf2bea5 = {\"version\":\"5.1.2\",\"id\":5243,\"class\":\"id5243\",\"roboGalleryDelay\":1000,\"mainContainer\":\"#robo_gallery_main_block_rbs_gallery_69f41edf2bea5\",\"loadingContainer\":\"#rbs_gallery_69f41edf2bea5-block-loader\",\"loadingContainerObj\":\"rbs_gallery_69f41edf2bea5-block-loader\",\"columnWidth\":\"auto\",\"columns\":3,\"resolutions\":[{\"columnWidth\":\"auto\",\"columns\":3,\"maxWidth\":960},{\"columnWidth\":\"auto\",\"columns\":2,\"maxWidth\":650},{\"columnWidth\":\"auto\",\"columns\":1,\"maxWidth\":450}],\"lightboxOptions\":{\"gallery\":{\"enabled\":true,\"tCounter\":\"%curr% of %total%\"}},\"overlayEffect\":\"direction-aware-fade\",\"boxesToLoadStart\":12,\"boxesToLoad\":8,\"waitUntilThumbLoads\":1,\"LoadingWord\":\"Loading...\",\"loadMoreWord\":\"Load More\",\"noMoreEntriesWord\":\"No More Entries\",\"horizontalSpaceBetweenBoxes\":15,\"verticalSpaceBetweenBoxes\":15,\"lazyLoad\":1,\"wrapContainer\":\"#robo-gallery-wrap-rbs_gallery_69f41edf2bea5\"};<\/script>\n","protected":false},"excerpt":{"rendered":"<p>\u010clensk\u00e9 p\u0159\u00edsp\u011bvky P\u0159\u00edsp\u011bvky se li\u0161\u00ed dle st\u00e1\u0159\u00ed vesla\u0159e: 6000 K\u010d\/rok pro d\u011bti a ml\u00e1de\u017e do 18 let a studuj\u00edc\u00ed do 26 let 8000 K\u010d\/rok pro ostatn\u00ed \u010dleny 2000 K\u010d\/rok pro seniory nad 65 let Kam<a class=\"read-more\" href=\"http:\/\/www.vko.cz\/VKOweb\/pro-rodice\/prispevky\/\">\u010d\u00edst d\u00e1le..<\/a><\/p>\n","protected":false},"author":12,"featured_media":0,"parent":1831,"menu_order":2,"comment_status":"closed","ping_status":"closed","template":"","meta":{"footnotes":""},"_links":{"self":[{"href":"http:\/\/www.vko.cz\/VKOweb\/wp-json\/wp\/v2\/pages\/2011"}],"collection":[{"href":"http:\/\/www.vko.cz\/VKOweb\/wp-json\/wp\/v2\/pages"}],"about":[{"href":"http:\/\/www.vko.cz\/VKOweb\/wp-json\/wp\/v2\/types\/page"}],"author":[{"embeddable":true,"href":"http:\/\/www.vko.cz\/VKOweb\/wp-json\/wp\/v2\/users\/12"}],"replies":[{"embeddable":true,"href":"http:\/\/www.vko.cz\/VKOweb\/wp-json\/wp\/v2\/comments?post=2011"}],"version-history":[{"count":16,"href":"http:\/\/www.vko.cz\/VKOweb\/wp-json\/wp\/v2\/pages\/2011\/revisions"}],"predecessor-version":[{"id":5247,"href":"http:\/\/www.vko.cz\/VKOweb\/wp-json\/wp\/v2\/pages\/2011\/revisions\/5247"}],"up":[{"embeddable":true,"href":"http:\/\/www.vko.cz\/VKOweb\/wp-json\/wp\/v2\/pages\/1831"}],"wp:attachment":[{"href":"http:\/\/www.vko.cz\/VKOweb\/wp-json\/wp\/v2\/media?parent=2011"}],"curies":[{"name":"wp","href":"https:\/\/api.w.org\/{rel}","templated":true}]}}