{"id":1903,"date":"2018-11-17T04:05:33","date_gmt":"2018-11-17T10:05:33","guid":{"rendered":"http:\/\/www.vko.cz\/VKOweb\/?page_id=1903"},"modified":"2026-02-12T08:18:21","modified_gmt":"2026-02-12T14:18:21","slug":"vysledky-vht","status":"publish","type":"page","link":"http:\/\/www.vko.cz\/VKOweb\/vht\/vysledky-vht\/","title":{"rendered":"V\u00fdsledky"},"content":{"rendered":"<p>V\u00fdsledky m\u016f\u017eete stahovat ve form\u00e1tu PDF zde:<br \/>\n&nbsp;<br \/>\n<a href=\"https:\/\/docs.google.com\/spreadsheets\/d\/e\/2PACX-1vTmjXE7yQtKYMutVz7_WhwJESY0obTsNgQbYtG0RXLq01EBre4vKXVhCGD8ge8BVfd-Fwnb3HR4LP5e\/pub?output=pdf\">2025<\/a><\/p>\n<p><a href=\"https:\/\/docs.google.com\/spreadsheets\/d\/e\/2PACX-1vQ2espHCNs5ETag6j8ZDQvnnz23wEXpOvk_71gu2gWsynGIvjD9oKmr67bgSzapiiyQ7rZcsbSw8zt2\/pub?output=pdf\">2024<\/a><\/p>\n<p><a href=\"https:\/\/docs.google.com\/spreadsheets\/d\/e\/2PACX-1vQmDwPxcEaabrRGQHEuMYnzofzZDDOA3X_D9vVq3U3e48TcfEXwlyPv6qEi2nHwXpdGYAaIrnpxXnZY\/pub?output=pdf\">2023<\/a><\/p>\n<p><a href=\"https:\/\/docs.google.com\/spreadsheets\/d\/e\/2PACX-1vR8mWjvZk8z7xLzPvS3QbtqTuUA5_bovgXaVlCWiuTmhgTutgAD9wKmyy_5MSOPkUBZNlRMw3VCKJQm\/pub?output=pdf\">2022<\/a><\/p>\n<p><a href=\"https:\/\/docs.google.com\/spreadsheets\/d\/e\/2PACX-1vTB2miupZjy2MxQRL61JKtlNKYxxvtdKRF_sjkxyLQXBxlmRLZ-kCThqEU7c_yDIj6gwJxI19jb5k1r\/pub?output=pdf\">2019<\/a><\/p>\n<p><a href=\"https:\/\/docs.google.com\/spreadsheets\/d\/e\/2PACX-1vSc6WvvFcR5pglFC86I7p9XcZ7IuQaFQcibU-ya4fJ3WIfz9VFS7gG00p-bgFGr6HE7f41AmbBB1oz6\/pub?output=pdf\">2018<\/a><\/p>\n<p><a href=\"https:\/\/drive.google.com\/open?id=0B5OqdXBUE4ZAVUU5bDBKWFJtd1A3NDJPRURkOVIwaEZITGF3\">2017<\/a><\/p>\n<p><a href=\"https:\/\/drive.google.com\/open?id=0B5OqdXBUE4ZASlJCU1FsYjFyeVZEOHVCV2lDY2JSQUg5R0NZ\">2016<\/a><\/p>\n<p><a href=\"https:\/\/drive.google.com\/open?id=0B5OqdXBUE4ZARUhZY2hSc256NEdza1pqVVl4STF6RUo4RUlZ\">2015<\/a><\/p>\n<p>&nbsp;<\/p>\n","protected":false},"excerpt":{"rendered":"<p>V\u00fdsledky m\u016f\u017eete stahovat ve form\u00e1tu PDF zde: &nbsp; 2025 2024 2023 2022 2019 2018 2017 2016 2015 &nbsp;<\/p>\n","protected":false},"author":12,"featured_media":0,"parent":1611,"menu_order":0,"comment_status":"closed","ping_status":"closed","template":"","meta":{"footnotes":""},"_links":{"self":[{"href":"http:\/\/www.vko.cz\/VKOweb\/wp-json\/wp\/v2\/pages\/1903"}],"collection":[{"href":"http:\/\/www.vko.cz\/VKOweb\/wp-json\/wp\/v2\/pages"}],"about":[{"href":"http:\/\/www.vko.cz\/VKOweb\/wp-json\/wp\/v2\/types\/page"}],"author":[{"embeddable":true,"href":"http:\/\/www.vko.cz\/VKOweb\/wp-json\/wp\/v2\/users\/12"}],"replies":[{"embeddable":true,"href":"http:\/\/www.vko.cz\/VKOweb\/wp-json\/wp\/v2\/comments?post=1903"}],"version-history":[{"count":17,"href":"http:\/\/www.vko.cz\/VKOweb\/wp-json\/wp\/v2\/pages\/1903\/revisions"}],"predecessor-version":[{"id":5215,"href":"http:\/\/www.vko.cz\/VKOweb\/wp-json\/wp\/v2\/pages\/1903\/revisions\/5215"}],"up":[{"embeddable":true,"href":"http:\/\/www.vko.cz\/VKOweb\/wp-json\/wp\/v2\/pages\/1611"}],"wp:attachment":[{"href":"http:\/\/www.vko.cz\/VKOweb\/wp-json\/wp\/v2\/media?parent=1903"}],"curies":[{"name":"wp","href":"https:\/\/api.w.org\/{rel}","templated":true}]}}