{"id":1831,"date":"2018-10-08T14:25:41","date_gmt":"2018-10-08T20:25:41","guid":{"rendered":"http:\/\/www.vko.cz\/VKOweb\/?page_id=1831"},"modified":"2021-07-01T14:10:29","modified_gmt":"2021-07-01T20:10:29","slug":"pro-rodice","status":"publish","type":"page","link":"http:\/\/www.vko.cz\/VKOweb\/pro-rodice\/","title":{"rendered":"Pro rodi\u010de"},"content":{"rendered":"<p>V p\u0159\u00edpad\u011b dotaz\u016f ohledn\u011b tr\u00e9ninkov\u00fdch rozpis\u016f, \u010di pl\u00e1novan\u00fdch z\u00e1vod\u016f m\u016f\u017eete kontaktovat jednoho z tren\u00e9r\u016f.<\/p>\n<p><em>Tren\u00e9r:<\/em><br \/>\nPavel Bl\u00e1ha ml., tel. 601 566 106, email pavel.blaha[zavin\u00e1\u010d]vko.cz<\/p>\n<div style=\"width: 1170px;\" class=\"wp-video\"><!--[if lt IE 9]><script>document.createElement('video');<\/script><![endif]-->\n<video class=\"wp-video-shortcode\" id=\"video-1831-1\" width=\"1170\" height=\"658\" preload=\"metadata\" controls=\"controls\"><source type=\"video\/mp4\" src=\"http:\/\/www.vko.cz\/VKOweb\/wp-content\/uploads\/VKO-video.mp4?_=1\" \/><a href=\"http:\/\/www.vko.cz\/VKOweb\/wp-content\/uploads\/VKO-video.mp4\">http:\/\/www.vko.cz\/VKOweb\/wp-content\/uploads\/VKO-video.mp4<\/a><\/video><\/div>\n<p>&nbsp;<\/p>\n<p><img decoding=\"async\" loading=\"lazy\" class=\"wp-image-1855 aligncenter\" src=\"http:\/\/www.vko.cz\/VKOweb\/wp-content\/uploads\/Prijd_veslovat_nahled_web-1024x576.jpg\" alt=\"\" width=\"919\" height=\"517\" srcset=\"http:\/\/www.vko.cz\/VKOweb\/wp-content\/uploads\/Prijd_veslovat_nahled_web-1024x576.jpg 1024w, http:\/\/www.vko.cz\/VKOweb\/wp-content\/uploads\/Prijd_veslovat_nahled_web-150x84.jpg 150w, http:\/\/www.vko.cz\/VKOweb\/wp-content\/uploads\/Prijd_veslovat_nahled_web-300x169.jpg 300w, http:\/\/www.vko.cz\/VKOweb\/wp-content\/uploads\/Prijd_veslovat_nahled_web-768x432.jpg 768w, http:\/\/www.vko.cz\/VKOweb\/wp-content\/uploads\/Prijd_veslovat_nahled_web-520x293.jpg 520w, http:\/\/www.vko.cz\/VKOweb\/wp-content\/uploads\/Prijd_veslovat_nahled_web-740x416.jpg 740w\" sizes=\"(max-width: 919px) 100vw, 919px\" \/><\/p>\n","protected":false},"excerpt":{"rendered":"<p>V p\u0159\u00edpad\u011b dotaz\u016f ohledn\u011b tr\u00e9ninkov\u00fdch rozpis\u016f, \u010di pl\u00e1novan\u00fdch z\u00e1vod\u016f m\u016f\u017eete kontaktovat jednoho z tren\u00e9r\u016f. Tren\u00e9r: Pavel Bl\u00e1ha ml., tel. 601 566 106, email pavel.blaha[zavin\u00e1\u010d]vko.cz &nbsp;<\/p>\n","protected":false},"author":12,"featured_media":0,"parent":0,"menu_order":0,"comment_status":"closed","ping_status":"closed","template":"","meta":{"footnotes":""},"_links":{"self":[{"href":"http:\/\/www.vko.cz\/VKOweb\/wp-json\/wp\/v2\/pages\/1831"}],"collection":[{"href":"http:\/\/www.vko.cz\/VKOweb\/wp-json\/wp\/v2\/pages"}],"about":[{"href":"http:\/\/www.vko.cz\/VKOweb\/wp-json\/wp\/v2\/types\/page"}],"author":[{"embeddable":true,"href":"http:\/\/www.vko.cz\/VKOweb\/wp-json\/wp\/v2\/users\/12"}],"replies":[{"embeddable":true,"href":"http:\/\/www.vko.cz\/VKOweb\/wp-json\/wp\/v2\/comments?post=1831"}],"version-history":[{"count":16,"href":"http:\/\/www.vko.cz\/VKOweb\/wp-json\/wp\/v2\/pages\/1831\/revisions"}],"predecessor-version":[{"id":2017,"href":"http:\/\/www.vko.cz\/VKOweb\/wp-json\/wp\/v2\/pages\/1831\/revisions\/2017"}],"wp:attachment":[{"href":"http:\/\/www.vko.cz\/VKOweb\/wp-json\/wp\/v2\/media?parent=1831"}],"curies":[{"name":"wp","href":"https:\/\/api.w.org\/{rel}","templated":true}]}}